{"id":14061,"date":"2020-04-01T17:14:20","date_gmt":"2020-04-01T15:14:20","guid":{"rendered":"https:\/\/www.submarinobursatil.com\/miembros\/?page_id=14061"},"modified":"2025-03-24T17:48:16","modified_gmt":"2025-03-24T16:48:16","slug":"asesoria-sobre-impuestos","status":"publish","type":"page","link":"https:\/\/www.submarinobursatil.com\/miembros\/asesoria-sobre-impuestos\/","title":{"rendered":"Asesor\u00eda sobre Impuestos"},"content":{"rendered":"Si ya eres cliente y est\u00e1s viendo este mensaje es porque no has iniciado sesi\u00f3n en nuestro sitio miembros pero haz <span style=\"color: #ff0000;\"><a style=\"color: #ff0000;\" href=\"https:\/\/www.submarinobursatil.com\/miembros\/membership-login\/\">CLIC AQU\u00cd PARA INGRESAR<\/a><\/span> con tu usuario y contrase\u00f1a. \u00bfA\u00fan no eres miembro?\u00a0<span style=\"color: #ff0000;\"> <a style=\"color: #ff0000;\" href=\"https:\/\/www.submarinobursatil.com\/order-form-actual\/\">CLIC AQU\u00cd PARA UNIRTE A NOSOTROS<\/a><\/span>","protected":false},"excerpt":{"rendered":"<p>Si ya eres cliente y est\u00e1s viendo este mensaje es porque no has iniciado sesi\u00f3n en nuestro sitio miembros pero haz CLIC AQU\u00cd PARA INGRESAR con tu usuario y contrase\u00f1a. \u00bfA\u00fan no eres miembro?\u00a0 CLIC AQU\u00cd PARA UNIRTE A NOSOTROS<\/p>\n","protected":false},"author":554,"featured_media":0,"parent":0,"menu_order":0,"comment_status":"closed","ping_status":"closed","template":"elementor_header_footer","meta":{"footnotes":""},"class_list":["post-14061","page","type-page","status-publish","hentry"],"_links":{"self":[{"href":"https:\/\/www.submarinobursatil.com\/miembros\/wp-json\/wp\/v2\/pages\/14061","targetHints":{"allow":["GET"]}}],"collection":[{"href":"https:\/\/www.submarinobursatil.com\/miembros\/wp-json\/wp\/v2\/pages"}],"about":[{"href":"https:\/\/www.submarinobursatil.com\/miembros\/wp-json\/wp\/v2\/types\/page"}],"author":[{"embeddable":true,"href":"https:\/\/www.submarinobursatil.com\/miembros\/wp-json\/wp\/v2\/users\/554"}],"replies":[{"embeddable":true,"href":"https:\/\/www.submarinobursatil.com\/miembros\/wp-json\/wp\/v2\/comments?post=14061"}],"version-history":[{"count":13,"href":"https:\/\/www.submarinobursatil.com\/miembros\/wp-json\/wp\/v2\/pages\/14061\/revisions"}],"predecessor-version":[{"id":23075,"href":"https:\/\/www.submarinobursatil.com\/miembros\/wp-json\/wp\/v2\/pages\/14061\/revisions\/23075"}],"wp:attachment":[{"href":"https:\/\/www.submarinobursatil.com\/miembros\/wp-json\/wp\/v2\/media?parent=14061"}],"curies":[{"name":"wp","href":"https:\/\/api.w.org\/{rel}","templated":true}]}}