{"id":15930,"date":"2021-07-23T15:02:44","date_gmt":"2021-07-23T13:02:44","guid":{"rendered":"https:\/\/www.submarinobursatil.com\/miembros\/?page_id=15930"},"modified":"2026-04-29T13:26:55","modified_gmt":"2026-04-29T11:26:55","slug":"subscripcion-economica","status":"publish","type":"page","link":"https:\/\/www.submarinobursatil.com\/miembros\/subscripcion-economica\/","title":{"rendered":"Subscripci\u00f3n Econ\u00f3mica"},"content":{"rendered":"Si ya eres cliente y est\u00e1s viendo este mensaje es porque no has iniciado sesi\u00f3n en nuestro sitio miembros pero haz <span style=\"color: #ff0000;\"><a style=\"color: #ff0000;\" href=\"https:\/\/www.submarinobursatil.com\/miembros\/membership-login\/\">CLIC AQU\u00cd PARA INGRESAR<\/a><\/span> con tu usuario y contrase\u00f1a. \u00bfA\u00fan no eres miembro?\u00a0<span style=\"color: #ff0000;\"> <a style=\"color: #ff0000;\" href=\"https:\/\/www.submarinobursatil.com\/order-form-actual\/\">CLIC AQU\u00cd PARA UNIRTE A NOSOTROS<\/a><\/span>","protected":false},"excerpt":{"rendered":"<p>Si ya eres cliente y est\u00e1s viendo este mensaje es porque no has iniciado sesi\u00f3n en nuestro sitio miembros pero haz CLIC AQU\u00cd PARA INGRESAR con tu usuario y contrase\u00f1a. \u00bfA\u00fan no eres miembro?\u00a0 CLIC AQU\u00cd PARA UNIRTE A NOSOTROS<\/p>\n","protected":false},"author":554,"featured_media":0,"parent":0,"menu_order":0,"comment_status":"closed","ping_status":"closed","template":"elementor_header_footer","meta":{"footnotes":""},"class_list":["post-15930","page","type-page","status-publish","hentry"],"_links":{"self":[{"href":"https:\/\/www.submarinobursatil.com\/miembros\/wp-json\/wp\/v2\/pages\/15930","targetHints":{"allow":["GET"]}}],"collection":[{"href":"https:\/\/www.submarinobursatil.com\/miembros\/wp-json\/wp\/v2\/pages"}],"about":[{"href":"https:\/\/www.submarinobursatil.com\/miembros\/wp-json\/wp\/v2\/types\/page"}],"author":[{"embeddable":true,"href":"https:\/\/www.submarinobursatil.com\/miembros\/wp-json\/wp\/v2\/users\/554"}],"replies":[{"embeddable":true,"href":"https:\/\/www.submarinobursatil.com\/miembros\/wp-json\/wp\/v2\/comments?post=15930"}],"version-history":[{"count":174,"href":"https:\/\/www.submarinobursatil.com\/miembros\/wp-json\/wp\/v2\/pages\/15930\/revisions"}],"predecessor-version":[{"id":25230,"href":"https:\/\/www.submarinobursatil.com\/miembros\/wp-json\/wp\/v2\/pages\/15930\/revisions\/25230"}],"wp:attachment":[{"href":"https:\/\/www.submarinobursatil.com\/miembros\/wp-json\/wp\/v2\/media?parent=15930"}],"curies":[{"name":"wp","href":"https:\/\/api.w.org\/{rel}","templated":true}]}}