{"id":3375,"date":"2012-08-30T13:04:20","date_gmt":"2012-08-30T13:04:20","guid":{"rendered":"https:\/\/www.submarinobursatil.com\/miembros\/?page_id=3375"},"modified":"2025-03-27T13:58:31","modified_gmt":"2025-03-27T12:58:31","slug":"preguntas-y-respuestas-sobre-curso-basico-de-futuros","status":"publish","type":"page","link":"https:\/\/www.submarinobursatil.com\/miembros\/preguntas-y-respuestas-sobre-curso-basico-de-futuros\/","title":{"rendered":"Preguntas y Respuestas sobre curso B\u00e1sico de Futuros"},"content":{"rendered":"Si ya eres cliente y est\u00e1s viendo este mensaje es porque no has iniciado sesi\u00f3n en nuestro sitio miembros pero haz <span style=\"color: #ff0000;\"><a style=\"color: #ff0000;\" href=\"https:\/\/www.submarinobursatil.com\/miembros\/membership-login\/\">CLIC AQU\u00cd PARA INGRESAR<\/a><\/span> con tu usuario y contrase\u00f1a. \u00bfA\u00fan no eres miembro?\u00a0<span style=\"color: #ff0000;\"> <a style=\"color: #ff0000;\" href=\"https:\/\/www.submarinobursatil.com\/order-form-actual\/\">CLIC AQU\u00cd PARA UNIRTE A NOSOTROS<\/a><\/span>","protected":false},"excerpt":{"rendered":"<p>Si ya eres cliente y est\u00e1s viendo este mensaje es porque no has iniciado sesi\u00f3n en nuestro sitio miembros pero haz CLIC AQU\u00cd PARA INGRESAR con tu usuario y contrase\u00f1a. \u00bfA\u00fan no eres miembro?\u00a0 CLIC AQU\u00cd PARA UNIRTE A NOSOTROS<\/p>\n","protected":false},"author":1,"featured_media":0,"parent":0,"menu_order":0,"comment_status":"open","ping_status":"closed","template":"","meta":{"footnotes":""},"class_list":["post-3375","page","type-page","status-publish","hentry"],"_links":{"self":[{"href":"https:\/\/www.submarinobursatil.com\/miembros\/wp-json\/wp\/v2\/pages\/3375","targetHints":{"allow":["GET"]}}],"collection":[{"href":"https:\/\/www.submarinobursatil.com\/miembros\/wp-json\/wp\/v2\/pages"}],"about":[{"href":"https:\/\/www.submarinobursatil.com\/miembros\/wp-json\/wp\/v2\/types\/page"}],"author":[{"embeddable":true,"href":"https:\/\/www.submarinobursatil.com\/miembros\/wp-json\/wp\/v2\/users\/1"}],"replies":[{"embeddable":true,"href":"https:\/\/www.submarinobursatil.com\/miembros\/wp-json\/wp\/v2\/comments?post=3375"}],"version-history":[{"count":52,"href":"https:\/\/www.submarinobursatil.com\/miembros\/wp-json\/wp\/v2\/pages\/3375\/revisions"}],"predecessor-version":[{"id":23368,"href":"https:\/\/www.submarinobursatil.com\/miembros\/wp-json\/wp\/v2\/pages\/3375\/revisions\/23368"}],"wp:attachment":[{"href":"https:\/\/www.submarinobursatil.com\/miembros\/wp-json\/wp\/v2\/media?parent=3375"}],"curies":[{"name":"wp","href":"https:\/\/api.w.org\/{rel}","templated":true}]}}