{"id":4222,"date":"2013-02-22T22:22:32","date_gmt":"2013-02-22T22:22:32","guid":{"rendered":"https:\/\/www.submarinobursatil.com\/miembros\/?page_id=4222"},"modified":"2025-11-16T12:02:44","modified_gmt":"2025-11-16T11:02:44","slug":"utilizando-ordenes-avanzadas-para-invertir-eficientemente","status":"publish","type":"page","link":"https:\/\/www.submarinobursatil.com\/miembros\/utilizando-ordenes-avanzadas-para-invertir-eficientemente\/","title":{"rendered":"Utilizando \u00d3rdenes Avanzadas para Invertir Eficientemente"},"content":{"rendered":"Si ya eres cliente y est\u00e1s viendo este mensaje es porque no has iniciado sesi\u00f3n en nuestro sitio miembros pero haz <span style=\"color: #ff0000;\"><a style=\"color: #ff0000;\" href=\"https:\/\/www.submarinobursatil.com\/miembros\/membership-login\/\">CLIC AQU\u00cd PARA INGRESAR<\/a><\/span> con tu usuario y contrase\u00f1a. \u00bfA\u00fan no eres miembro?\u00a0<span style=\"color: #ff0000;\"> <a style=\"color: #ff0000;\" href=\"https:\/\/www.submarinobursatil.com\/order-form-actual\/\">CLIC AQU\u00cd PARA UNIRTE A NOSOTROS<\/a><\/span>","protected":false},"excerpt":{"rendered":"<p>Si ya eres cliente y est\u00e1s viendo este mensaje es porque no has iniciado sesi\u00f3n en nuestro sitio miembros pero haz CLIC AQU\u00cd PARA INGRESAR con tu usuario y contrase\u00f1a. \u00bfA\u00fan no eres miembro?\u00a0 CLIC AQU\u00cd PARA UNIRTE A NOSOTROS<\/p>\n","protected":false},"author":1,"featured_media":0,"parent":0,"menu_order":0,"comment_status":"closed","ping_status":"closed","template":"elementor_header_footer","meta":{"footnotes":""},"class_list":["post-4222","page","type-page","status-publish","hentry"],"_links":{"self":[{"href":"https:\/\/www.submarinobursatil.com\/miembros\/wp-json\/wp\/v2\/pages\/4222","targetHints":{"allow":["GET"]}}],"collection":[{"href":"https:\/\/www.submarinobursatil.com\/miembros\/wp-json\/wp\/v2\/pages"}],"about":[{"href":"https:\/\/www.submarinobursatil.com\/miembros\/wp-json\/wp\/v2\/types\/page"}],"author":[{"embeddable":true,"href":"https:\/\/www.submarinobursatil.com\/miembros\/wp-json\/wp\/v2\/users\/1"}],"replies":[{"embeddable":true,"href":"https:\/\/www.submarinobursatil.com\/miembros\/wp-json\/wp\/v2\/comments?post=4222"}],"version-history":[{"count":74,"href":"https:\/\/www.submarinobursatil.com\/miembros\/wp-json\/wp\/v2\/pages\/4222\/revisions"}],"predecessor-version":[{"id":24482,"href":"https:\/\/www.submarinobursatil.com\/miembros\/wp-json\/wp\/v2\/pages\/4222\/revisions\/24482"}],"wp:attachment":[{"href":"https:\/\/www.submarinobursatil.com\/miembros\/wp-json\/wp\/v2\/media?parent=4222"}],"curies":[{"name":"wp","href":"https:\/\/api.w.org\/{rel}","templated":true}]}}